{"id":4317,"date":"2021-10-12T16:30:14","date_gmt":"2021-10-12T14:30:14","guid":{"rendered":"https:\/\/asivolley.fr\/?page_id=4317"},"modified":"2022-04-01T21:26:50","modified_gmt":"2022-04-01T19:26:50","slug":"stage-jeune","status":"publish","type":"page","link":"https:\/\/asivolley.fr\/index.php\/stage-jeune\/","title":{"rendered":"Stage Jeunes"},"content":{"rendered":"<p>[vc_row][vc_column][vc_single_image image=\u00a0\u00bb4603&Prime; img_size=\u00a0\u00bbfull\u00a0\u00bb][\/vc_column][\/vc_row][vc_row][vc_column][vc_column_text]<em><strong>STAGE ASI VOLLEY M11\/M13 et M15 \/ M17<\/strong><\/em><\/p>\n<p>L&rsquo;ASI Volley organise des stages d&rsquo;initiation et de perfectionnement lors des vacances scolaires de la Toussaint, de F\u00e9vrier et de P\u00e2ques. \u00c0 chaque vacances un stage est d\u00e9di\u00e9 aux M11\/M13 et un stage aux M15\/M17.<br \/>\nCes stages sont accessibles \u00e0 tous que vous soyez licenci\u00e9s ou non, d\u00e9butant ou expert. Les entrainements seront encadr\u00e9s par des \u00e9ducateurs dipl\u00f4m\u00e9s d&rsquo;\u00e9tat!<\/p>\n<p><b><u>Cl\u00f4ture des inscriptions :<\/u><\/b> La veille des stages<\/p>\n<p><strong>INFORMATIONS COMPL\u00c9MENTAIRES<\/strong> :<\/p>\n<ul>\n<li>Le pass sanitaire obligatoire pour les + 12 ans<\/li>\n<li>Horaires : Du Mardi au jeudi de 9h30 \u00e0 16h30 (entrainements 10h-12h et 13h30-16h)<\/li>\n<li>Gouter offert en fin de journ\u00e9e<\/li>\n<li>Prix : 15\u20ac \/ 3 jours pour les licenci\u00e9s ASI Volley<\/li>\n<li>30\u20ac \/ 3 jours pour les non licenci\u00e9s ASI Volley<\/li>\n<li>Lieu: GYMNASE PIERRE FAVRE, 2160 avenue du Las 33127 Saint Jean d\u2019illac<\/li>\n<\/ul>\n<p><strong>CONTACTS :<\/strong><\/p>\n<ul>\n<li>Th\u00e9o Debard Tel: 06 47 95 99 30 \/ @: theo.debard@asivolley.fr)<\/li>\n<li>Nicolas Gomez Tel: 06 64 91 83 04 \/ @: nicolas.gomez@asivolley.fr)<\/li>\n<\/ul>\n<p>[\/vc_column_text][\/vc_column][\/vc_row][vc_row][vc_column][vc_column_text]<\/p>\n<h3>Inscription via la billeterie<\/h3>\n<p>[\/vc_column_text][\/vc_column][\/vc_row][vc_row css=\u00a0\u00bb.vc_custom_1634049837134{margin-bottom: 50px !important;}\u00a0\u00bb][vc_column width=\u00a0\u00bb1\/2&Prime;][vc_btn title=\u00a0\u00bbcliquez-ici pour le stage M11\/M13 : 15 au 17 F\u00e9vrier\u00a0\u00bb color=\u00a0\u00bbsky\u00a0\u00bb align=\u00a0\u00bbleft\u00a0\u00bb link=\u00a0\u00bburl:https%3A%2F%2Fwww.helloasso.com%2Fassociations%2Fasi-volley%2Fevenements%2Fstages-asi-volley-m11-m13-fevrier|title:lien%20billetterie%20M11%2FM13%20F%C3%A9vrier|target:%20_blank|\u00a0\u00bb][vc_btn title=\u00a0\u00bbcliquez-ici pour le stage M11\/M13 : 19 au 21 Avril\u00a0\u00bb color=\u00a0\u00bbsky\u00a0\u00bb align=\u00a0\u00bbleft\u00a0\u00bb link=\u00a0\u00bburl:https%3A%2F%2Fwww.helloasso.com%2Fassociations%2Fasi-volley%2Fevenements%2Fstages-asi-volley-m11-m13-paques|title:lien%20billetterie%20M11%2FM13%20Paques|target:%20_blank|\u00a0\u00bb][\/vc_column][vc_column width=\u00a0\u00bb1\/2&Prime;][vc_btn title=\u00a0\u00bbcliquez-ici pour le stage M15\/M17 : 22 au 24 F\u00e9vrier\u00a0\u00bb color=\u00a0\u00bbsky\u00a0\u00bb align=\u00a0\u00bbright\u00a0\u00bb link=\u00a0\u00bburl:https%3A%2F%2Fwww.helloasso.com%2Fassociations%2Fasi-volley%2Fevenements%2Fstages-asi-volley-m15-m17-fevrier|title:Stage%20ASI%20Volley%20%3A%20M15%2FM17%20F%C3%A9vrier|target:%20_blank|\u00a0\u00bb][vc_btn title=\u00a0\u00bbcliquez-ici pour le stage M15\/M17 : 26 au 28 Avril\u00a0\u00bb color=\u00a0\u00bbsky\u00a0\u00bb align=\u00a0\u00bbright\u00a0\u00bb link=\u00a0\u00bburl:https%3A%2F%2Fwww.helloasso.com%2Fassociations%2Fasi-volley%2Fevenements%2Fstages-asi-volley-m15-m17-paques|title:Stage%20ASI%20Volley%20%3A%20M15%2FM17%20Paques|target:%20_blank|\u00a0\u00bb][\/vc_column][\/vc_row][vc_row][vc_column][vc_column_text]<\/p>\n<h3>Documents pour l&rsquo;inscription<\/h3>\n<p>[\/vc_column_text][\/vc_column][\/vc_row][vc_row css=\u00a0\u00bb.vc_custom_1634049837134{margin-bottom: 50px !important;}\u00a0\u00bb][vc_column width=\u00a0\u00bb1\/2&Prime;][vc_btn title=\u00a0\u00bbFormulaire d&rsquo;inscription F\u00e9vrier\u00a0\u00bb color=\u00a0\u00bbsky\u00a0\u00bb link=\u00a0\u00bburl:https%3A%2F%2Fasivolley.fr%2Fwp-content%2Fuploads%2F2022%2F02%2Fbulletin-inscription-Stage-FE%CC%81VRIER-1.pdf|title:Bulletin%20d&rsquo;inscription|target:%20_blank|\u00a0\u00bb][vc_btn title=\u00a0\u00bbFormulaire d&rsquo;inscription P\u00e2ques\u00a0\u00bb color=\u00a0\u00bbsky\u00a0\u00bb align=\u00a0\u00bbleft\u00a0\u00bb link=\u00a0\u00bburl:https%3A%2F%2Fasivolley.fr%2Fwp-content%2Fuploads%2F2022%2F04%2Fbulletin-inscription-stage-PAQUES.pdf|title:Formulaire%20d&rsquo;inscription|target:%20_blank|\u00a0\u00bb][\/vc_column][vc_column width=\u00a0\u00bb1\/2&Prime;][vc_btn title=\u00a0\u00bbQuestionnaire sant\u00e9\u00a0\u00bb color=\u00a0\u00bbsky\u00a0\u00bb align=\u00a0\u00bbright\u00a0\u00bb link=\u00a0\u00bburl:https%3A%2F%2Fasivolley.fr%2Fwp-content%2Fuploads%2F2021%2F10%2Fqs_sport_sportifs_mineurs.pdf|title:Questionnaire%20sant%C3%A9|target:%20_blank|\u00a0\u00bb][\/vc_column][\/vc_row][vc_row][vc_column][vc_single_image image=\u00a0\u00bb4347&Prime; img_size=\u00a0\u00bbfull\u00a0\u00bb alignment=\u00a0\u00bbcenter\u00a0\u00bb][\/vc_column][\/vc_row]<\/p>\n","protected":false},"excerpt":{"rendered":"<p>[vc_row][vc_column][vc_single_image image=\u00a0\u00bb4603&Prime; img_size=\u00a0\u00bbfull\u00a0\u00bb][\/vc_column][\/vc_row][vc_row][vc_column][vc_column_text]STAGE ASI VOLLEY M11\/M13 et M15 \/ M17 L&rsquo;ASI Volley organise des stages d&rsquo;initiation et de perfectionnement lors des vacances scolaires de la Toussaint, de F\u00e9vrier et de P\u00e2ques. \u00c0 chaque vacances un stage est d\u00e9di\u00e9 aux M11\/M13 et un stage aux M15\/M17. Ces stages sont accessibles \u00e0 tous que vous soyez licenci\u00e9s&#8230;<\/p>\n","protected":false},"author":3,"featured_media":0,"parent":0,"menu_order":0,"comment_status":"closed","ping_status":"closed","template":"","meta":{"footnotes":""},"_links":{"self":[{"href":"https:\/\/asivolley.fr\/index.php\/wp-json\/wp\/v2\/pages\/4317"}],"collection":[{"href":"https:\/\/asivolley.fr\/index.php\/wp-json\/wp\/v2\/pages"}],"about":[{"href":"https:\/\/asivolley.fr\/index.php\/wp-json\/wp\/v2\/types\/page"}],"author":[{"embeddable":true,"href":"https:\/\/asivolley.fr\/index.php\/wp-json\/wp\/v2\/users\/3"}],"replies":[{"embeddable":true,"href":"https:\/\/asivolley.fr\/index.php\/wp-json\/wp\/v2\/comments?post=4317"}],"version-history":[{"count":27,"href":"https:\/\/asivolley.fr\/index.php\/wp-json\/wp\/v2\/pages\/4317\/revisions"}],"predecessor-version":[{"id":4629,"href":"https:\/\/asivolley.fr\/index.php\/wp-json\/wp\/v2\/pages\/4317\/revisions\/4629"}],"wp:attachment":[{"href":"https:\/\/asivolley.fr\/index.php\/wp-json\/wp\/v2\/media?parent=4317"}],"curies":[{"name":"wp","href":"https:\/\/api.w.org\/{rel}","templated":true}]}}