{"id":4260,"date":"2021-08-17T08:46:31","date_gmt":"2021-08-17T06:46:31","guid":{"rendered":"https:\/\/asivolley.fr\/?page_id=4260"},"modified":"2025-09-05T14:19:54","modified_gmt":"2025-09-05T12:19:54","slug":"licence-information","status":"publish","type":"page","link":"https:\/\/asivolley.fr\/","title":{"rendered":"Licence information"},"content":{"rendered":"<p>[vc_row full_width=\u00a0\u00bbstretch_row\u00a0\u00bb css=\u00a0\u00bb.vc_custom_1476255884282{margin-top: -33px !important;margin-bottom: 0px !important;padding-bottom: 0px !important;background-color: #ffffff !important;}\u00a0\u00bb][vc_column][vc_column_text css=\u00a0\u00bb.vc_custom_1754382589193{margin-bottom: 35px !important;}\u00a0\u00bb]<\/p>\n<h1><span class=\"gmail-s1\">Inscription &#8211; Saison 2025-2026<\/span><\/h1>\n<p>[\/vc_column_text][vc_column_text css=\u00a0\u00bb.vc_custom_1756470376596{margin-bottom: 23px !important;}\u00a0\u00bb]<\/p>\n<h2><strong>Nouveaut\u00e9 2025-2026 :<\/strong><\/h2>\n<p>Cette saison, les inscriptions se feront en ligne via l&rsquo;application <a href=\"https:\/\/my.ffvolley.org\/\"><strong>myFFvolley<\/strong><\/a>. Apr\u00e8s avoir cr\u00e9\u00e9 votre compte, vous transmettrez directement vos documents dans l&rsquo;application. Nous validerons ensuite les dossiers et nous vous adresserons un lien pour faire votre r\u00e8glement via <strong>HelloAsso<\/strong>.<\/p>\n<p><em>Vous retrouverez <a href=\"https:\/\/my.ffvolley.org\/tutos\/\">ici<\/a> les tutoriels pour l&rsquo;utilisation de l&rsquo;application myFFvolley.<\/em><\/p>\n<p>&nbsp;<\/p>\n<p style=\"text-align: center;\"><span style=\"color: #ff0000;\"><strong>ATTENTION<\/strong> : Toutes les inscriptions sont soumises \u00e0 la validation des entraineurs.<br \/>\n<strong>Un d\u00e9p\u00f4t de dossier ne garantit pas une place dans un collectif<\/strong>.<\/span><\/p>\n<p style=\"text-align: center;\"><span style=\"color: #ff0000;\">Tant que votre dossier n&rsquo;est pas \u00e0 l&rsquo;\u00e9tat <span style=\"color: #339966;\"><strong>Valid\u00e9<\/strong><\/span>, votre licence n&rsquo;est pas cr\u00e9\u00e9e et votre inscription n&rsquo;est pas termin\u00e9e.<\/span><\/p>\n<p>&nbsp;<\/p>\n<p>Nous serons pr\u00e9sents au <strong>Forum des Associations de St Jean d\u2019Illac le samedi 6 septembre 2025<\/strong> pour r\u00e9pondre \u00e0 vos \u00e9ventuelles interrogations.<\/p>\n<p><strong>Les entra\u00eenements reprendront la semaine du 8 septembre pour tous les collectifs.<\/strong>[\/vc_column_text][\/vc_column][\/vc_row][vc_row][vc_column][vc_column_text]<\/p>\n<h2><strong>Tarifs 2025-2026<\/strong><\/h2>\n<p><u><img loading=\"lazy\" decoding=\"async\" class=\"alignnone size-large wp-image-5641\" src=\"https:\/\/asivolley.fr\/wp-content\/uploads\/2025\/08\/tarifs_2025-2026-1024x621.jpg\" alt=\"\" width=\"1024\" height=\"621\" srcset=\"https:\/\/asivolley.fr\/wp-content\/uploads\/2025\/08\/tarifs_2025-2026-1024x621.jpg 1024w, https:\/\/asivolley.fr\/wp-content\/uploads\/2025\/08\/tarifs_2025-2026-300x182.jpg 300w, https:\/\/asivolley.fr\/wp-content\/uploads\/2025\/08\/tarifs_2025-2026-768x466.jpg 768w, https:\/\/asivolley.fr\/wp-content\/uploads\/2025\/08\/tarifs_2025-2026-1536x931.jpg 1536w, https:\/\/asivolley.fr\/wp-content\/uploads\/2025\/08\/tarifs_2025-2026-128x78.jpg 128w, https:\/\/asivolley.fr\/wp-content\/uploads\/2025\/08\/tarifs_2025-2026-32x19.jpg 32w, https:\/\/asivolley.fr\/wp-content\/uploads\/2025\/08\/tarifs_2025-2026-98x59.jpg 98w, https:\/\/asivolley.fr\/wp-content\/uploads\/2025\/08\/tarifs_2025-2026-600x364.jpg 600w, https:\/\/asivolley.fr\/wp-content\/uploads\/2025\/08\/tarifs_2025-2026.jpg 1989w\" sizes=\"(max-width: 1024px) 100vw, 1024px\" \/><br \/>\n<\/u><\/p>\n<p>[\/vc_column_text][\/vc_column][\/vc_row][vc_row][vc_column][vc_column_text]<\/p>\n<h2><strong>Planning des entrainements 2025-2026 (au 05\/09\/2025)<\/strong><\/h2>\n<p><em>Attention<\/em> : Ce planning est susceptible de subir quelques modifications \u00e0 la marge \u00e0 la rentr\u00e9e<\/p>\n<p><span style=\"color: #ff9900;\"><strong>ORANGE<\/strong>\u00a0<\/span>= salle Uzzine \/\u00a0<span style=\"color: #000080;\"><strong>BLEU<\/strong>\u00a0<\/span>= salle Pierre Favre<\/p>\n<p><img loading=\"lazy\" decoding=\"async\" class=\"alignnone size-large wp-image-5653\" src=\"https:\/\/asivolley.fr\/wp-content\/uploads\/2025\/09\/tarifs_2025-2026_3-1024x576.jpg\" alt=\"\" width=\"1024\" height=\"576\" srcset=\"https:\/\/asivolley.fr\/wp-content\/uploads\/2025\/09\/tarifs_2025-2026_3-1024x576.jpg 1024w, https:\/\/asivolley.fr\/wp-content\/uploads\/2025\/09\/tarifs_2025-2026_3-300x169.jpg 300w, https:\/\/asivolley.fr\/wp-content\/uploads\/2025\/09\/tarifs_2025-2026_3-768x432.jpg 768w, https:\/\/asivolley.fr\/wp-content\/uploads\/2025\/09\/tarifs_2025-2026_3-128x72.jpg 128w, https:\/\/asivolley.fr\/wp-content\/uploads\/2025\/09\/tarifs_2025-2026_3-32x18.jpg 32w, https:\/\/asivolley.fr\/wp-content\/uploads\/2025\/09\/tarifs_2025-2026_3-98x55.jpg 98w, https:\/\/asivolley.fr\/wp-content\/uploads\/2025\/09\/tarifs_2025-2026_3-600x338.jpg 600w, https:\/\/asivolley.fr\/wp-content\/uploads\/2025\/09\/tarifs_2025-2026_3.jpg 1280w\" sizes=\"(max-width: 1024px) 100vw, 1024px\" \/>[\/vc_column_text][\/vc_column][\/vc_row][vc_row][vc_column][vc_column_text]<\/p>\n<h2>Documents \u00e0 t\u00e9l\u00e9charger<\/h2>\n<p><a href=\"https:\/\/asivolley.fr\/wp-content\/uploads\/2025\/08\/Formulaire_demande_licences_2025_2026_ASIVB.pdf\">Formulaire FFVB 2025\/2026<\/a><\/p>\n<p>Sant\u00e9 et certificats m\u00e9dicaux :<\/p>\n<ul>\n<li><a href=\"https:\/\/asivolley.fr\/wp-content\/uploads\/2024\/07\/FFvolley_CERTIFICAT_MEDICAL_A.pdf\">Certificat m\u00e9dical et simple surclassement<\/a><\/li>\n<li><a href=\"https:\/\/asivolley.fr\/wp-content\/uploads\/2024\/07\/FFvolley_CERTIFICAT_MEDICAL_B.pdf\">Certificat m\u00e9dical \u2013 double surclassement<\/a><\/li>\n<li><a href=\"https:\/\/asivolley.fr\/wp-content\/uploads\/2024\/07\/FFvolley_CERTIFICAT_MEDICAL_C.pdf\">Certificat m\u00e9dical \u2013 triple surclassement<\/a><\/li>\n<li><a href=\"https:\/\/asivolley.fr\/wp-content\/uploads\/2024\/07\/FFvolley_CERTIFICAT_MEDICAL_ENCADREMENT.pdf\">Certificat m\u00e9dical \u2013 encadrement \/ arbitres<\/a><\/li>\n<\/ul>\n<p>[\/vc_column_text][\/vc_column][\/vc_row]<\/p>\n","protected":false},"excerpt":{"rendered":"<p>[vc_row full_width=\u00a0\u00bbstretch_row\u00a0\u00bb css=\u00a0\u00bb.vc_custom_1476255884282{margin-top: -33px !important;margin-bottom: 0px !important;padding-bottom: 0px !important;background-color: #ffffff !important;}\u00a0\u00bb][vc_column][vc_column_text css=\u00a0\u00bb.vc_custom_1754382589193{margin-bottom: 35px !important;}\u00a0\u00bb] Inscription &#8211; Saison 2025-2026 [\/vc_column_text][vc_column_text css=\u00a0\u00bb.vc_custom_1756470376596{margin-bottom: 23px !important;}\u00a0\u00bb] Nouveaut\u00e9 2025-2026 : Cette saison, les inscriptions se feront en ligne via l&rsquo;application myFFvolley. Apr\u00e8s avoir cr\u00e9\u00e9 votre compte, vous transmettrez directement vos documents dans l&rsquo;application. Nous validerons ensuite les dossiers et nous&#8230;<\/p>\n","protected":false},"author":1,"featured_media":0,"parent":0,"menu_order":0,"comment_status":"closed","ping_status":"closed","template":"","meta":{"footnotes":""},"_links":{"self":[{"href":"https:\/\/asivolley.fr\/index.php\/wp-json\/wp\/v2\/pages\/4260"}],"collection":[{"href":"https:\/\/asivolley.fr\/index.php\/wp-json\/wp\/v2\/pages"}],"about":[{"href":"https:\/\/asivolley.fr\/index.php\/wp-json\/wp\/v2\/types\/page"}],"author":[{"embeddable":true,"href":"https:\/\/asivolley.fr\/index.php\/wp-json\/wp\/v2\/users\/1"}],"replies":[{"embeddable":true,"href":"https:\/\/asivolley.fr\/index.php\/wp-json\/wp\/v2\/comments?post=4260"}],"version-history":[{"count":37,"href":"https:\/\/asivolley.fr\/index.php\/wp-json\/wp\/v2\/pages\/4260\/revisions"}],"predecessor-version":[{"id":5654,"href":"https:\/\/asivolley.fr\/index.php\/wp-json\/wp\/v2\/pages\/4260\/revisions\/5654"}],"wp:attachment":[{"href":"https:\/\/asivolley.fr\/index.php\/wp-json\/wp\/v2\/media?parent=4260"}],"curies":[{"name":"wp","href":"https:\/\/api.w.org\/{rel}","templated":true}]}}